{"id":16238,"date":"2021-08-04T14:09:00","date_gmt":"2021-08-04T12:09:00","guid":{"rendered":"https:\/\/pressingplus.com\/contacte-servei-de-consultoria\/"},"modified":"2021-08-09T14:35:05","modified_gmt":"2021-08-09T12:35:05","slug":"contacte-servei-de-consultoria","status":"publish","type":"page","link":"https:\/\/pressingplus.com\/ca\/contacte-servei-de-consultoria\/","title":{"rendered":"Contacte \/ servei de consultoria"},"content":{"rendered":"<div class=\"wpb-content-wrapper\"><p>[vc_row section_type=&#8221;fullwidth&#8221; padding_top_multiplier=&#8221;&#8221; padding_bottom_multiplier=&#8221;&#8221; columns_gap=&#8221;none&#8221; equal_column_height=&#8221;middle-content&#8221; mobile_equal_column_height=&#8221;false&#8221;][vc_column vertical_content_position=&#8221;middle&#8221; width=&#8221;1\/2&#8243; heading_color=&#8221;light&#8221; css=&#8221;.vc_custom_1620336968208{padding-top: 20% !important;padding-right: 20% !important;padding-bottom: 20% !important;padding-left: 20% !important;}&#8221;]<h1 class=\"grve-element grve-title grve-align-left grve-h1\" style=\"margin-bottom: 20px;\"><span><span style=\"color: #0c2152;\">Consultoria<\/span><\/span><\/h1>[vc_column_text]<\/p>\n<p>Posem a la seva disposici\u00f3 el nostre servei de consultoria per poder elaborar el seu projecte de forma totalment integrada, podent oferir-li un &#8220;claus en m\u00e0&#8221;. Expliqui&#8217;ns quina \u00e9s la seva necessitat i l&#8217;assessorarem en tots els \u00e0mbits de el projecte, per a posteriori subministrar la soluci\u00f3 final adaptada a les seves necessitats. Consulteu-nos sense comprom\u00eds.<\/p>\n<p>[\/vc_column_text][\/vc_column][vc_column width=&#8221;1\/2&#8243;]<div class=\"grve-element grve-image grve-align-center grve-full-image grve-image-space-100\" style=\"\">  <div class=\"grve-image-wrapper\"><img loading=\"lazy\" decoding=\"async\" width=\"713\" height=\"594\" src=\"https:\/\/pressingplus.com\/wp-content\/uploads\/2021\/05\/consultoria.jpg\" class=\"attachment-full size-full\" alt=\"pressing plus\" srcset=\"https:\/\/pressingplus.com\/wp-content\/uploads\/2021\/05\/consultoria.jpg 713w, https:\/\/pressingplus.com\/wp-content\/uploads\/2021\/05\/consultoria-600x500.jpg 600w, https:\/\/pressingplus.com\/wp-content\/uploads\/2021\/05\/consultoria-300x250.jpg 300w\" sizes=\"auto, (max-width: 713px) 100vw, 713px\" \/>   <\/div><\/div>[\/vc_column][\/vc_row][vc_row section_type=&#8221;fullwidth&#8221; padding_top_multiplier=&#8221;&#8221; padding_bottom_multiplier=&#8221;&#8221; columns_gap=&#8221;none&#8221; equal_column_height=&#8221;middle-content&#8221; mobile_equal_column_height=&#8221;false&#8221;][vc_column vertical_content_position=&#8221;middle&#8221; width=&#8221;1\/2&#8243; heading_color=&#8221;light&#8221; css=&#8221;.vc_custom_1620345772352{padding-top: 15% !important;padding-right: 20% !important;padding-bottom: 15% !important;padding-left: 20% !important;background-color: #1a4ca0 !important;}&#8221;][vc_column_text]<\/p>\n<h3><strong><a href=\"tel:+34933030213\">+34 933 030 213<\/a><br \/>\n<\/strong><a href=\"mailto:marketing@pressingplus.com\"><strong>marketing@pressingplus.com<\/strong><\/a><\/h3>\n<h6>OFICINES<\/h6>\n<p><span style=\"color: #ffffff;\">C\/ Fluvi\u00e0 261-263, 08020 Barcelona<\/span><br \/>\n<a href=\"https:\/\/goo.gl\/maps\/iFkL9J6fFr3RWi299\" target=\"_blank\" rel=\"noopener noreferrer\">COM ARRIBAR<\/a><\/p>\n<h6>NAU<\/h6>\n<p><span style=\"color: #ffffff;\">Pol\u00edgon Industrial Les Planes de la Serra<\/span><br \/>\n<span style=\"color: #ffffff;\">C\/ Sud 23-25, parcel\u00b7les 53 i 54<br \/>\n43814 Vila-rodona\u00a0(TARRAGONA)<\/span><br \/>\n<a href=\"https:\/\/goo.gl\/maps\/2PF5xikDdYA1LWhF9\" target=\"_blank\" rel=\"noopener noreferrer\">COM ARRIBAR<\/a>[\/vc_column_text][\/vc_column][vc_column width=&#8221;1\/2&#8243; css=&#8221;.vc_custom_1610619975893{background-color: #f1f4f6 !important;}&#8221;]<div class=\"grve-element grve-image grve-align-center grve-full-image grve-image-space-100\" style=\"\">  <div class=\"grve-image-wrapper\"><img loading=\"lazy\" decoding=\"async\" width=\"1132\" height=\"966\" src=\"https:\/\/pressingplus.com\/wp-content\/uploads\/2021\/05\/mapa2.jpg\" class=\"attachment-full size-full\" alt=\"pressing plus\" srcset=\"https:\/\/pressingplus.com\/wp-content\/uploads\/2021\/05\/mapa2.jpg 1132w, https:\/\/pressingplus.com\/wp-content\/uploads\/2021\/05\/mapa2-600x512.jpg 600w, https:\/\/pressingplus.com\/wp-content\/uploads\/2021\/05\/mapa2-300x256.jpg 300w, https:\/\/pressingplus.com\/wp-content\/uploads\/2021\/05\/mapa2-1024x874.jpg 1024w, https:\/\/pressingplus.com\/wp-content\/uploads\/2021\/05\/mapa2-768x655.jpg 768w\" sizes=\"auto, (max-width: 1132px) 100vw, 1132px\" \/>   <\/div><\/div>[\/vc_column][\/vc_row]<\/p>\n<\/div>","protected":false},"excerpt":{"rendered":"<p>[vc_row section_type=&#8221;fullwidth&#8221; padding_top_multiplier=&#8221;&#8221; padding_bottom_multiplier=&#8221;&#8221; columns_gap=&#8221;none&#8221; equal_column_height=&#8221;middle-content&#8221; mobile_equal_column_height=&#8221;false&#8221;][vc_column vertical_content_position=&#8221;middle&#8221; width=&#8221;1\/2&#8243; heading_color=&#8221;light&#8221; css=&#8221;.vc_custom_1620336968208{padding-top: 20% !important;padding-right: 20% !important;padding-bottom: 20% !important;padding-left: 20% !important;}&#8221;][vc_column_text] Posem a la seva disposici\u00f3 el nostre servei de consultoria per poder elaborar el seu projecte de forma totalment integrada, podent oferir-li un &#8220;claus en m\u00e0&#8221;. Expliqui&#8217;ns quina \u00e9s la seva necessitat i l&#8217;assessorarem en tots [&hellip;]<\/p>\n","protected":false},"author":1,"featured_media":0,"parent":0,"menu_order":0,"comment_status":"closed","ping_status":"closed","template":"","meta":{"footnotes":""},"class_list":["post-16238","page","type-page","status-publish","hentry"],"yoast_head":"<!-- This site is optimized with the Yoast SEO plugin v27.2 - https:\/\/yoast.com\/product\/yoast-seo-wordpress\/ -->\n<title>Contacte \/ servei de consultoria - GROUP PRESSING PLUS<\/title>\n<meta name=\"description\" content=\"Consultoria especialitzada en log\u00edstica t\u00e8xtil, optimitzat de processos, c\u00e0lcul de fluxos, projectes integrals clau en m\u00e0. Barcelona\" \/>\n<meta name=\"robots\" content=\"index, follow, max-snippet:-1, max-image-preview:large, max-video-preview:-1\" \/>\n<link rel=\"canonical\" href=\"https:\/\/pressingplus.com\/ca\/contacte-servei-de-consultoria\/\" \/>\n<meta property=\"og:locale\" content=\"ca_ES\" \/>\n<meta property=\"og:type\" content=\"article\" \/>\n<meta property=\"og:title\" content=\"Contacte \/ servei de consultoria - GROUP PRESSING PLUS\" \/>\n<meta property=\"og:description\" content=\"Consultoria especialitzada en log\u00edstica t\u00e8xtil, optimitzat de processos, c\u00e0lcul de fluxos, projectes integrals clau en m\u00e0. Barcelona\" \/>\n<meta property=\"og:url\" content=\"https:\/\/pressingplus.com\/ca\/contacte-servei-de-consultoria\/\" \/>\n<meta property=\"og:site_name\" content=\"GROUP PRESSING PLUS\" \/>\n<meta property=\"article:modified_time\" content=\"2021-08-09T12:35:05+00:00\" \/>\n<meta name=\"twitter:card\" content=\"summary_large_image\" \/>\n<meta name=\"twitter:label1\" content=\"Temps estimat de lectura\" \/>\n\t<meta name=\"twitter:data1\" content=\"1 minut\" \/>\n<script type=\"application\/ld+json\" class=\"yoast-schema-graph\">{\"@context\":\"https:\/\/schema.org\",\"@graph\":[{\"@type\":\"WebPage\",\"@id\":\"https:\/\/pressingplus.com\/ca\/contacte-servei-de-consultoria\/\",\"url\":\"https:\/\/pressingplus.com\/ca\/contacte-servei-de-consultoria\/\",\"name\":\"Contacte \/ servei de consultoria - GROUP PRESSING PLUS\",\"isPartOf\":{\"@id\":\"https:\/\/pressingplus.com\/#website\"},\"datePublished\":\"2021-08-04T12:09:00+00:00\",\"dateModified\":\"2021-08-09T12:35:05+00:00\",\"description\":\"Consultoria especialitzada en log\u00edstica t\u00e8xtil, optimitzat de processos, c\u00e0lcul de fluxos, projectes integrals clau en m\u00e0. Barcelona\",\"breadcrumb\":{\"@id\":\"https:\/\/pressingplus.com\/ca\/contacte-servei-de-consultoria\/#breadcrumb\"},\"inLanguage\":\"ca\",\"potentialAction\":[{\"@type\":\"ReadAction\",\"target\":[\"https:\/\/pressingplus.com\/ca\/contacte-servei-de-consultoria\/\"]}]},{\"@type\":\"BreadcrumbList\",\"@id\":\"https:\/\/pressingplus.com\/ca\/contacte-servei-de-consultoria\/#breadcrumb\",\"itemListElement\":[{\"@type\":\"ListItem\",\"position\":1,\"name\":\"Portada\",\"item\":\"https:\/\/pressingplus.com\/ca\/equipaments-per-a-la-industria-de-la-confeccio-automocio\/\"},{\"@type\":\"ListItem\",\"position\":2,\"name\":\"Contacte \/ servei de consultoria\"}]},{\"@type\":\"WebSite\",\"@id\":\"https:\/\/pressingplus.com\/#website\",\"url\":\"https:\/\/pressingplus.com\/\",\"name\":\"GROUP PRESSING PLUS\",\"description\":\"Equipamientos para la industria de la confecci\u00f3n\",\"publisher\":{\"@id\":\"https:\/\/pressingplus.com\/#organization\"},\"potentialAction\":[{\"@type\":\"SearchAction\",\"target\":{\"@type\":\"EntryPoint\",\"urlTemplate\":\"https:\/\/pressingplus.com\/?s={search_term_string}\"},\"query-input\":{\"@type\":\"PropertyValueSpecification\",\"valueRequired\":true,\"valueName\":\"search_term_string\"}}],\"inLanguage\":\"ca\"},{\"@type\":\"Organization\",\"@id\":\"https:\/\/pressingplus.com\/#organization\",\"name\":\"GROUP PRESSING PLUS\",\"url\":\"https:\/\/pressingplus.com\/\",\"logo\":{\"@type\":\"ImageObject\",\"inLanguage\":\"ca\",\"@id\":\"https:\/\/pressingplus.com\/#\/schema\/logo\/image\/\",\"url\":\"https:\/\/pressingplus.com\/wp-content\/uploads\/2020\/11\/logo-pressingplus-default.png\",\"contentUrl\":\"https:\/\/pressingplus.com\/wp-content\/uploads\/2020\/11\/logo-pressingplus-default.png\",\"width\":208,\"height\":50,\"caption\":\"GROUP PRESSING PLUS\"},\"image\":{\"@id\":\"https:\/\/pressingplus.com\/#\/schema\/logo\/image\/\"}}]}<\/script>\n<!-- \/ Yoast SEO plugin. -->","yoast_head_json":{"title":"Contacte \/ servei de consultoria - GROUP PRESSING PLUS","description":"Consultoria especialitzada en log\u00edstica t\u00e8xtil, optimitzat de processos, c\u00e0lcul de fluxos, projectes integrals clau en m\u00e0. Barcelona","robots":{"index":"index","follow":"follow","max-snippet":"max-snippet:-1","max-image-preview":"max-image-preview:large","max-video-preview":"max-video-preview:-1"},"canonical":"https:\/\/pressingplus.com\/ca\/contacte-servei-de-consultoria\/","og_locale":"ca_ES","og_type":"article","og_title":"Contacte \/ servei de consultoria - GROUP PRESSING PLUS","og_description":"Consultoria especialitzada en log\u00edstica t\u00e8xtil, optimitzat de processos, c\u00e0lcul de fluxos, projectes integrals clau en m\u00e0. Barcelona","og_url":"https:\/\/pressingplus.com\/ca\/contacte-servei-de-consultoria\/","og_site_name":"GROUP PRESSING PLUS","article_modified_time":"2021-08-09T12:35:05+00:00","twitter_card":"summary_large_image","twitter_misc":{"Temps estimat de lectura":"1 minut"},"schema":{"@context":"https:\/\/schema.org","@graph":[{"@type":"WebPage","@id":"https:\/\/pressingplus.com\/ca\/contacte-servei-de-consultoria\/","url":"https:\/\/pressingplus.com\/ca\/contacte-servei-de-consultoria\/","name":"Contacte \/ servei de consultoria - GROUP PRESSING PLUS","isPartOf":{"@id":"https:\/\/pressingplus.com\/#website"},"datePublished":"2021-08-04T12:09:00+00:00","dateModified":"2021-08-09T12:35:05+00:00","description":"Consultoria especialitzada en log\u00edstica t\u00e8xtil, optimitzat de processos, c\u00e0lcul de fluxos, projectes integrals clau en m\u00e0. Barcelona","breadcrumb":{"@id":"https:\/\/pressingplus.com\/ca\/contacte-servei-de-consultoria\/#breadcrumb"},"inLanguage":"ca","potentialAction":[{"@type":"ReadAction","target":["https:\/\/pressingplus.com\/ca\/contacte-servei-de-consultoria\/"]}]},{"@type":"BreadcrumbList","@id":"https:\/\/pressingplus.com\/ca\/contacte-servei-de-consultoria\/#breadcrumb","itemListElement":[{"@type":"ListItem","position":1,"name":"Portada","item":"https:\/\/pressingplus.com\/ca\/equipaments-per-a-la-industria-de-la-confeccio-automocio\/"},{"@type":"ListItem","position":2,"name":"Contacte \/ servei de consultoria"}]},{"@type":"WebSite","@id":"https:\/\/pressingplus.com\/#website","url":"https:\/\/pressingplus.com\/","name":"GROUP PRESSING PLUS","description":"Equipamientos para la industria de la confecci\u00f3n","publisher":{"@id":"https:\/\/pressingplus.com\/#organization"},"potentialAction":[{"@type":"SearchAction","target":{"@type":"EntryPoint","urlTemplate":"https:\/\/pressingplus.com\/?s={search_term_string}"},"query-input":{"@type":"PropertyValueSpecification","valueRequired":true,"valueName":"search_term_string"}}],"inLanguage":"ca"},{"@type":"Organization","@id":"https:\/\/pressingplus.com\/#organization","name":"GROUP PRESSING PLUS","url":"https:\/\/pressingplus.com\/","logo":{"@type":"ImageObject","inLanguage":"ca","@id":"https:\/\/pressingplus.com\/#\/schema\/logo\/image\/","url":"https:\/\/pressingplus.com\/wp-content\/uploads\/2020\/11\/logo-pressingplus-default.png","contentUrl":"https:\/\/pressingplus.com\/wp-content\/uploads\/2020\/11\/logo-pressingplus-default.png","width":208,"height":50,"caption":"GROUP PRESSING PLUS"},"image":{"@id":"https:\/\/pressingplus.com\/#\/schema\/logo\/image\/"}}]}},"_links":{"self":[{"href":"https:\/\/pressingplus.com\/ca\/wp-json\/wp\/v2\/pages\/16238","targetHints":{"allow":["GET"]}}],"collection":[{"href":"https:\/\/pressingplus.com\/ca\/wp-json\/wp\/v2\/pages"}],"about":[{"href":"https:\/\/pressingplus.com\/ca\/wp-json\/wp\/v2\/types\/page"}],"author":[{"embeddable":true,"href":"https:\/\/pressingplus.com\/ca\/wp-json\/wp\/v2\/users\/1"}],"replies":[{"embeddable":true,"href":"https:\/\/pressingplus.com\/ca\/wp-json\/wp\/v2\/comments?post=16238"}],"version-history":[{"count":8,"href":"https:\/\/pressingplus.com\/ca\/wp-json\/wp\/v2\/pages\/16238\/revisions"}],"predecessor-version":[{"id":16291,"href":"https:\/\/pressingplus.com\/ca\/wp-json\/wp\/v2\/pages\/16238\/revisions\/16291"}],"wp:attachment":[{"href":"https:\/\/pressingplus.com\/ca\/wp-json\/wp\/v2\/media?parent=16238"}],"curies":[{"name":"wp","href":"https:\/\/api.w.org\/{rel}","templated":true}]}}