{"id":16218,"date":"2021-08-04T13:04:00","date_gmt":"2021-08-04T11:04:00","guid":{"rendered":"https:\/\/pressingplus.com\/automocio\/"},"modified":"2023-07-28T11:33:30","modified_gmt":"2023-07-28T09:33:30","slug":"automocio","status":"publish","type":"page","link":"https:\/\/pressingplus.com\/ca\/automocio\/","title":{"rendered":"Automoci\u00f3"},"content":{"rendered":"<div class=\"wpb-content-wrapper\"><p>[vc_row heading_color=&#8221;primary-1&#8243; bg_type=&#8221;image&#8221; bg_image=&#8221;15037&#8243; bg_position=&#8221;center-bottom&#8221; padding_top_multiplier=&#8221;6x&#8221; padding_bottom_multiplier=&#8221;5x&#8221; equal_column_height=&#8221;middle-content&#8221; separator_bottom=&#8221;large-triangle-separator&#8221; separator_bottom_size=&#8221;120px&#8221; font_color=&#8221;#ffffff&#8221;][vc_column vertical_content_position=&#8221;middle&#8221; width=&#8221;1\/2&#8243;]<h1 class=\"grve-element grve-title grve-align-left grve-animated-item grve-duration-normal grve-fade-in-right grve-h1\" style=\"\" data-delay=\"200\"><span>Productes<\/span><\/h1><div class=\"grve-empty-space grve-height-2x\" style=\"\"><\/div>[\/vc_column][vc_column width=&#8221;1\/12&#8243; mobile_width=&#8221;hide&#8221;][\/vc_column][vc_column vertical_content_position=&#8221;middle&#8221; column_custom_position=&#8221;yes&#8221; width=&#8221;5\/12&#8243; mobile_width=&#8221;hide&#8221;][\/vc_column][\/vc_row][vc_row heading_color=&#8221;light&#8221; padding_top_multiplier=&#8221;&#8221; equal_column_height=&#8221;middle-content&#8221; separator_bottom_size=&#8221;120px&#8221; separator_bottom_color=&#8221;#ebeff2&#8243; font_color=&#8221;#ffffff&#8221;][vc_column width=&#8221;1\/3&#8243; mobile_width=&#8221;1-2&#8243; el_class=&#8221;trepitjar&#8221;]<div class=\"grve-element grve-align-left grve-animated-item grve-fade-in grve-duration-normal\" data-delay=\"800\"><a href=\"https:\/\/pressingplus.com\/ca\/confeccio\/\" class=\"grve-btn grve-btn-extralarge grve-shadow-medium grve-round grve-bg-primary-2 grve-bg-hover-primary-1 grve-fullwidth-btn grve-fluid-btn-medium\" style=\"margin-bottom: 40px;\"><span>Confecci\u00f3<\/span><\/a><\/div>[\/vc_column][vc_column width=&#8221;1\/3&#8243; mobile_width=&#8221;1-2&#8243; el_class=&#8221;trepitjar&#8221;]<div class=\"grve-element grve-align-left grve-animated-item grve-fade-in grve-duration-normal\" data-delay=\"1000\"><a href=\"#\" class=\"grve-btn grve-btn-extralarge grve-round grve-bg-primary-1 grve-bg-hover-primary-1 grve-fullwidth-btn grve-fluid-btn-medium\" style=\"margin-bottom: 40px;\"><span>Automoci\u00f3<\/span><\/a><\/div>[\/vc_column][vc_column width=&#8221;1\/3&#8243; el_class=&#8221;trepitjar&#8221;]<div class=\"grve-element grve-align-left grve-animated-item grve-fade-in grve-duration-normal\" data-delay=\"800\"><a href=\"https:\/\/pressingplus.com\/ca\/logistica-aplicada\/\" class=\"grve-btn grve-btn-extralarge grve-shadow-medium grve-round grve-bg-primary-2 grve-bg-hover-primary-1 grve-fullwidth-btn grve-fluid-btn-medium\" style=\"margin-bottom: 40px;\"><span>Log\u00edstica aplicada<\/span><\/a><\/div>[\/vc_column][\/vc_row][vc_row][vc_column width=&#8221;1\/3&#8243;]<div class=\"grve-element grve-image grve-clipping-right grve-clipping-animation grve-hover-item grve-hover-style-1 grve-full-image\" style=\"\" data-delay=\"200\">  <div class=\"grve-image-wrapper\"><figure class=\"grve-image-hover grve-media grve-zoom-in\"><a href=\"https:\/\/pressingplus.com\/ca\/planxat-entapissat\/\" class=\"grve-item-url\"><\/a><div class=\"grve-bg-primary-3 grve-hover-overlay  grve-opacity-20\"><\/div><img loading=\"lazy\" decoding=\"async\" width=\"713\" height=\"594\" src=\"https:\/\/pressingplus.com\/wp-content\/uploads\/2021\/05\/planchado-tapizado.jpg\" class=\"\" alt=\"planxat entapissat automoci\u00f3\" srcset=\"https:\/\/pressingplus.com\/wp-content\/uploads\/2021\/05\/planchado-tapizado.jpg 713w, https:\/\/pressingplus.com\/wp-content\/uploads\/2021\/05\/planchado-tapizado-600x500.jpg 600w, https:\/\/pressingplus.com\/wp-content\/uploads\/2021\/05\/planchado-tapizado-300x250.jpg 300w\" sizes=\"auto, (max-width: 713px) 100vw, 713px\" \/><figcaption><\/figcaption><\/figure><div class=\"grve-content grve-align-center\"><h5 class=\"grve-title grve-h5 grve-text-inherit\">PLANXAT \/ ENTAPISSAT<\/h5><\/div>   <\/div><\/div>[\/vc_column][vc_column width=&#8221;1\/3&#8243;]<div class=\"grve-element grve-image grve-clipping-right grve-clipping-animation grve-hover-item grve-hover-style-1 grve-full-image\" style=\"\" data-delay=\"200\">  <div class=\"grve-image-wrapper\"><figure class=\"grve-image-hover grve-media grve-zoom-in\"><a href=\"https:\/\/pressingplus.com\/wp-content\/uploads\/2021\/05\/veit-laminado-1.pdf\" target=\"_blank\" rel=\"noopener noreferrer\" class=\"grve-item-url\"><\/a><div class=\"grve-bg-primary-3 grve-hover-overlay  grve-opacity-20\"><\/div><img loading=\"lazy\" decoding=\"async\" width=\"713\" height=\"594\" src=\"https:\/\/pressingplus.com\/wp-content\/uploads\/2021\/05\/laminado.jpg\" class=\"\" alt=\"Laminat automoci\u00f3\" srcset=\"https:\/\/pressingplus.com\/wp-content\/uploads\/2021\/05\/laminado.jpg 713w, https:\/\/pressingplus.com\/wp-content\/uploads\/2021\/05\/laminado-600x500.jpg 600w, https:\/\/pressingplus.com\/wp-content\/uploads\/2021\/05\/laminado-300x250.jpg 300w\" sizes=\"auto, (max-width: 713px) 100vw, 713px\" \/><figcaption><\/figcaption><\/figure><div class=\"grve-content grve-align-center\"><h5 class=\"grve-title grve-h5 grve-text-inherit\">LAMINAT<\/h5><\/div>   <\/div><\/div>[\/vc_column][vc_column width=&#8221;1\/3&#8243;]<div class=\"grve-element grve-image grve-clipping-right grve-clipping-animation grve-hover-item grve-hover-style-1 grve-full-image\" style=\"\" data-delay=\"200\">  <div class=\"grve-image-wrapper\"><figure class=\"grve-image-hover grve-media grve-zoom-in\"><a href=\"https:\/\/pressingplus.com\/ca\/logistica-aplicada-automocio\/\" class=\"grve-item-url\"><\/a><div class=\"grve-bg-primary-3 grve-hover-overlay  grve-opacity-20\"><\/div><img loading=\"lazy\" decoding=\"async\" width=\"713\" height=\"594\" src=\"https:\/\/pressingplus.com\/wp-content\/uploads\/2021\/05\/log-aplicada-automocion.jpg\" class=\"\" alt=\"Eton Systems\" srcset=\"https:\/\/pressingplus.com\/wp-content\/uploads\/2021\/05\/log-aplicada-automocion.jpg 713w, https:\/\/pressingplus.com\/wp-content\/uploads\/2021\/05\/log-aplicada-automocion-600x500.jpg 600w, https:\/\/pressingplus.com\/wp-content\/uploads\/2021\/05\/log-aplicada-automocion-300x250.jpg 300w\" sizes=\"auto, (max-width: 713px) 100vw, 713px\" \/><figcaption><\/figcaption><\/figure><div class=\"grve-content grve-align-center\"><h5 class=\"grve-title grve-h5 grve-text-inherit\">LOG\u00cdSTICA APLICADA<\/h5><\/div>   <\/div><\/div>[\/vc_column][\/vc_row]<\/p>\n<\/div>","protected":false},"excerpt":{"rendered":"<p>[vc_row heading_color=&#8221;primary-1&#8243; bg_type=&#8221;image&#8221; bg_image=&#8221;15037&#8243; bg_position=&#8221;center-bottom&#8221; padding_top_multiplier=&#8221;6x&#8221; padding_bottom_multiplier=&#8221;5x&#8221; equal_column_height=&#8221;middle-content&#8221; separator_bottom=&#8221;large-triangle-separator&#8221; separator_bottom_size=&#8221;120px&#8221; font_color=&#8221;#ffffff&#8221;][vc_column vertical_content_position=&#8221;middle&#8221; width=&#8221;1\/2&#8243;][\/vc_column][vc_column width=&#8221;1\/12&#8243; mobile_width=&#8221;hide&#8221;][\/vc_column][vc_column vertical_content_position=&#8221;middle&#8221; column_custom_position=&#8221;yes&#8221; width=&#8221;5\/12&#8243; mobile_width=&#8221;hide&#8221;][\/vc_column][\/vc_row][vc_row heading_color=&#8221;light&#8221; padding_top_multiplier=&#8221;&#8221; equal_column_height=&#8221;middle-content&#8221; separator_bottom_size=&#8221;120px&#8221; separator_bottom_color=&#8221;#ebeff2&#8243; font_color=&#8221;#ffffff&#8221;][vc_column width=&#8221;1\/3&#8243; mobile_width=&#8221;1-2&#8243; el_class=&#8221;trepitjar&#8221;][\/vc_column][vc_column width=&#8221;1\/3&#8243; mobile_width=&#8221;1-2&#8243; el_class=&#8221;trepitjar&#8221;][\/vc_column][vc_column width=&#8221;1\/3&#8243; el_class=&#8221;trepitjar&#8221;][\/vc_column][\/vc_row][vc_row][vc_column width=&#8221;1\/3&#8243;][\/vc_column][vc_column width=&#8221;1\/3&#8243;][\/vc_column][vc_column width=&#8221;1\/3&#8243;][\/vc_column][\/vc_row]<\/p>\n","protected":false},"author":1,"featured_media":0,"parent":0,"menu_order":0,"comment_status":"closed","ping_status":"closed","template":"","meta":{"footnotes":""},"class_list":["post-16218","page","type-page","status-publish","hentry"],"yoast_head":"<!-- This site is optimized with the Yoast SEO plugin v27.2 - https:\/\/yoast.com\/product\/yoast-seo-wordpress\/ -->\n<title>Automoci\u00f3 - GROUP PRESSING PLUS<\/title>\n<meta name=\"description\" content=\"M\u00e9s de 15 anys tamb\u00e9 en el sector de l&#039;automoci\u00f3 aportant el nostre coneixement en les \u00e0rees d&#039;entapissat, t\u00e8xtil i components.\" \/>\n<meta name=\"robots\" content=\"index, follow, max-snippet:-1, max-image-preview:large, max-video-preview:-1\" \/>\n<link rel=\"canonical\" href=\"https:\/\/pressingplus.com\/automocion\/\" \/>\n<meta property=\"og:locale\" content=\"ca_ES\" \/>\n<meta property=\"og:type\" content=\"article\" \/>\n<meta property=\"og:title\" content=\"Automoci\u00f3 - GROUP PRESSING PLUS\" \/>\n<meta property=\"og:description\" content=\"M\u00e9s de 15 anys tamb\u00e9 en el sector de l&#039;automoci\u00f3 aportant el nostre coneixement en les \u00e0rees d&#039;entapissat, t\u00e8xtil i components.\" \/>\n<meta property=\"og:url\" content=\"https:\/\/pressingplus.com\/automocion\/\" \/>\n<meta property=\"og:site_name\" content=\"GROUP PRESSING PLUS\" \/>\n<meta property=\"article:modified_time\" content=\"2023-07-28T09:33:30+00:00\" \/>\n<meta name=\"twitter:card\" content=\"summary_large_image\" \/>\n<meta name=\"twitter:label1\" content=\"Temps estimat de lectura\" \/>\n\t<meta name=\"twitter:data1\" content=\"2 minuts\" \/>\n<script type=\"application\/ld+json\" class=\"yoast-schema-graph\">{\"@context\":\"https:\/\/schema.org\",\"@graph\":[{\"@type\":\"WebPage\",\"@id\":\"https:\/\/pressingplus.com\/automocion\/\",\"url\":\"https:\/\/pressingplus.com\/automocion\/\",\"name\":\"Automoci\u00f3 - GROUP PRESSING PLUS\",\"isPartOf\":{\"@id\":\"https:\/\/pressingplus.com\/#website\"},\"datePublished\":\"2021-08-04T11:04:00+00:00\",\"dateModified\":\"2023-07-28T09:33:30+00:00\",\"description\":\"M\u00e9s de 15 anys tamb\u00e9 en el sector de l'automoci\u00f3 aportant el nostre coneixement en les \u00e0rees d'entapissat, t\u00e8xtil i components.\",\"breadcrumb\":{\"@id\":\"https:\/\/pressingplus.com\/automocion\/#breadcrumb\"},\"inLanguage\":\"ca\",\"potentialAction\":[{\"@type\":\"ReadAction\",\"target\":[\"https:\/\/pressingplus.com\/automocion\/\"]}]},{\"@type\":\"BreadcrumbList\",\"@id\":\"https:\/\/pressingplus.com\/automocion\/#breadcrumb\",\"itemListElement\":[{\"@type\":\"ListItem\",\"position\":1,\"name\":\"Portada\",\"item\":\"https:\/\/pressingplus.com\/ca\/equipaments-per-a-la-industria-de-la-confeccio-automocio\/\"},{\"@type\":\"ListItem\",\"position\":2,\"name\":\"Automoci\u00f3\"}]},{\"@type\":\"WebSite\",\"@id\":\"https:\/\/pressingplus.com\/#website\",\"url\":\"https:\/\/pressingplus.com\/\",\"name\":\"GROUP PRESSING PLUS\",\"description\":\"Equipamientos para la industria de la confecci\u00f3n\",\"publisher\":{\"@id\":\"https:\/\/pressingplus.com\/#organization\"},\"potentialAction\":[{\"@type\":\"SearchAction\",\"target\":{\"@type\":\"EntryPoint\",\"urlTemplate\":\"https:\/\/pressingplus.com\/?s={search_term_string}\"},\"query-input\":{\"@type\":\"PropertyValueSpecification\",\"valueRequired\":true,\"valueName\":\"search_term_string\"}}],\"inLanguage\":\"ca\"},{\"@type\":\"Organization\",\"@id\":\"https:\/\/pressingplus.com\/#organization\",\"name\":\"GROUP PRESSING PLUS\",\"url\":\"https:\/\/pressingplus.com\/\",\"logo\":{\"@type\":\"ImageObject\",\"inLanguage\":\"ca\",\"@id\":\"https:\/\/pressingplus.com\/#\/schema\/logo\/image\/\",\"url\":\"https:\/\/pressingplus.com\/wp-content\/uploads\/2020\/11\/logo-pressingplus-default.png\",\"contentUrl\":\"https:\/\/pressingplus.com\/wp-content\/uploads\/2020\/11\/logo-pressingplus-default.png\",\"width\":208,\"height\":50,\"caption\":\"GROUP PRESSING PLUS\"},\"image\":{\"@id\":\"https:\/\/pressingplus.com\/#\/schema\/logo\/image\/\"}}]}<\/script>\n<!-- \/ Yoast SEO plugin. -->","yoast_head_json":{"title":"Automoci\u00f3 - GROUP PRESSING PLUS","description":"M\u00e9s de 15 anys tamb\u00e9 en el sector de l'automoci\u00f3 aportant el nostre coneixement en les \u00e0rees d'entapissat, t\u00e8xtil i components.","robots":{"index":"index","follow":"follow","max-snippet":"max-snippet:-1","max-image-preview":"max-image-preview:large","max-video-preview":"max-video-preview:-1"},"canonical":"https:\/\/pressingplus.com\/automocion\/","og_locale":"ca_ES","og_type":"article","og_title":"Automoci\u00f3 - GROUP PRESSING PLUS","og_description":"M\u00e9s de 15 anys tamb\u00e9 en el sector de l'automoci\u00f3 aportant el nostre coneixement en les \u00e0rees d'entapissat, t\u00e8xtil i components.","og_url":"https:\/\/pressingplus.com\/automocion\/","og_site_name":"GROUP PRESSING PLUS","article_modified_time":"2023-07-28T09:33:30+00:00","twitter_card":"summary_large_image","twitter_misc":{"Temps estimat de lectura":"2 minuts"},"schema":{"@context":"https:\/\/schema.org","@graph":[{"@type":"WebPage","@id":"https:\/\/pressingplus.com\/automocion\/","url":"https:\/\/pressingplus.com\/automocion\/","name":"Automoci\u00f3 - GROUP PRESSING PLUS","isPartOf":{"@id":"https:\/\/pressingplus.com\/#website"},"datePublished":"2021-08-04T11:04:00+00:00","dateModified":"2023-07-28T09:33:30+00:00","description":"M\u00e9s de 15 anys tamb\u00e9 en el sector de l'automoci\u00f3 aportant el nostre coneixement en les \u00e0rees d'entapissat, t\u00e8xtil i components.","breadcrumb":{"@id":"https:\/\/pressingplus.com\/automocion\/#breadcrumb"},"inLanguage":"ca","potentialAction":[{"@type":"ReadAction","target":["https:\/\/pressingplus.com\/automocion\/"]}]},{"@type":"BreadcrumbList","@id":"https:\/\/pressingplus.com\/automocion\/#breadcrumb","itemListElement":[{"@type":"ListItem","position":1,"name":"Portada","item":"https:\/\/pressingplus.com\/ca\/equipaments-per-a-la-industria-de-la-confeccio-automocio\/"},{"@type":"ListItem","position":2,"name":"Automoci\u00f3"}]},{"@type":"WebSite","@id":"https:\/\/pressingplus.com\/#website","url":"https:\/\/pressingplus.com\/","name":"GROUP PRESSING PLUS","description":"Equipamientos para la industria de la confecci\u00f3n","publisher":{"@id":"https:\/\/pressingplus.com\/#organization"},"potentialAction":[{"@type":"SearchAction","target":{"@type":"EntryPoint","urlTemplate":"https:\/\/pressingplus.com\/?s={search_term_string}"},"query-input":{"@type":"PropertyValueSpecification","valueRequired":true,"valueName":"search_term_string"}}],"inLanguage":"ca"},{"@type":"Organization","@id":"https:\/\/pressingplus.com\/#organization","name":"GROUP PRESSING PLUS","url":"https:\/\/pressingplus.com\/","logo":{"@type":"ImageObject","inLanguage":"ca","@id":"https:\/\/pressingplus.com\/#\/schema\/logo\/image\/","url":"https:\/\/pressingplus.com\/wp-content\/uploads\/2020\/11\/logo-pressingplus-default.png","contentUrl":"https:\/\/pressingplus.com\/wp-content\/uploads\/2020\/11\/logo-pressingplus-default.png","width":208,"height":50,"caption":"GROUP PRESSING PLUS"},"image":{"@id":"https:\/\/pressingplus.com\/#\/schema\/logo\/image\/"}}]}},"_links":{"self":[{"href":"https:\/\/pressingplus.com\/ca\/wp-json\/wp\/v2\/pages\/16218","targetHints":{"allow":["GET"]}}],"collection":[{"href":"https:\/\/pressingplus.com\/ca\/wp-json\/wp\/v2\/pages"}],"about":[{"href":"https:\/\/pressingplus.com\/ca\/wp-json\/wp\/v2\/types\/page"}],"author":[{"embeddable":true,"href":"https:\/\/pressingplus.com\/ca\/wp-json\/wp\/v2\/users\/1"}],"replies":[{"embeddable":true,"href":"https:\/\/pressingplus.com\/ca\/wp-json\/wp\/v2\/comments?post=16218"}],"version-history":[{"count":14,"href":"https:\/\/pressingplus.com\/ca\/wp-json\/wp\/v2\/pages\/16218\/revisions"}],"predecessor-version":[{"id":16527,"href":"https:\/\/pressingplus.com\/ca\/wp-json\/wp\/v2\/pages\/16218\/revisions\/16527"}],"wp:attachment":[{"href":"https:\/\/pressingplus.com\/ca\/wp-json\/wp\/v2\/media?parent=16218"}],"curies":[{"name":"wp","href":"https:\/\/api.w.org\/{rel}","templated":true}]}}